{"id":116,"date":"2022-10-31T20:10:28","date_gmt":"2022-10-31T20:10:28","guid":{"rendered":"https:\/\/pohlsee.ccmsell02.com\/?page_id=116"},"modified":"2022-10-31T21:11:02","modified_gmt":"2022-10-31T21:11:02","slug":"franca-vom-pohlsee","status":"publish","type":"page","link":"https:\/\/pohlsee.ccmsell02.com\/index.php\/meine-hunde\/franca-vom-pohlsee\/","title":{"rendered":"Franca vom Pohlsee"},"content":{"rendered":"\n<figure class=\"wp-block-image alignwide size-full\"><img loading=\"lazy\" decoding=\"async\" width=\"930\" height=\"620\" src=\"https:\/\/pohlsee.ccmsell02.com\/wp-content\/uploads\/2022\/10\/franca-vom-pohlsee-standbild.jpeg\" alt=\"\" class=\"wp-image-111\" srcset=\"https:\/\/pohlsee.ccmsell02.com\/wp-content\/uploads\/2022\/10\/franca-vom-pohlsee-standbild.jpeg 930w, https:\/\/pohlsee.ccmsell02.com\/wp-content\/uploads\/2022\/10\/franca-vom-pohlsee-standbild-300x200.jpeg 300w, https:\/\/pohlsee.ccmsell02.com\/wp-content\/uploads\/2022\/10\/franca-vom-pohlsee-standbild-768x512.jpeg 768w\" sizes=\"auto, (max-width: 930px) 100vw, 930px\" \/><figcaption>Franca vom Pohlsee &#8211; Zuchth\u00fcndin des Zwingers &#8222;vom Pohlsee&#8220; seit 2022<\/figcaption><\/figure>\n\n\n\n<h2 class=\"wp-block-heading\">Franca vom Pohlsee<\/h2>\n\n\n\n<p><strong>Zuchtbuchnummer:<\/strong> VDH-HO 39848-19<\/p>\n\n\n\n<p>Franca ist unser dritter Traum-Hovawart!<br><br>Als &#8222;Franca Frech&#8220; durfte sie vom F-Wurf bei uns bleiben. <br>Aus dem kleinen Wirbelwind ist inzwischen eine aufmerksame Hovi-Dame geworden, die unseren Alltag mit ihrer fr\u00f6hlichen Art sehr bereichert und im Hundesport alle Erwartungen erf\u00fcllt. <br>Sie hat alle Zuchtpr\u00fcfungen erfolgreich absolviert und kann nun unseren Zwinger fortf\u00fchren.<\/p>\n\n\n\n<div class=\"wp-block-columns has-ast-global-color-4-background-color has-background is-layout-flex wp-container-core-columns-is-layout-28f84493 wp-block-columns-is-layout-flex\" style=\"border-style:none;border-width:0px\">\n<div class=\"wp-block-column is-layout-flow wp-block-column-is-layout-flow\">\n<h4 class=\"wp-block-heading\">Sportpr\u00fcfungen:<\/h4>\n\n\n\n<p>BH, IGP 1 ( 88&nbsp; 90&nbsp; 95 )<\/p>\n<\/div>\n\n\n\n<div class=\"wp-block-column is-layout-flow wp-block-column-is-layout-flow\">\n<h4 class=\"wp-block-heading\">Schaubewertung:<\/h4>\n\n\n\n<p>sehr gut<\/p>\n<\/div>\n\n\n\n<div class=\"wp-block-column is-layout-flow wp-block-column-is-layout-flow\">\n<h4 class=\"wp-block-heading\">Gesundheit:<\/h4>\n\n\n\n<p>HD A2, Augen ohne Befund<\/p>\n<\/div>\n<\/div>\n\n\n\n<div class=\"wp-block-envira-envira-gallery\"><div id=\"envira-gallery-wrap-137\" class=\"envira-gallery-wrap envira-gallery-theme-base envira-lightbox-theme-base\" itemscope itemtype=\"https:\/\/schema.org\/ImageGallery\"><div data-row-height=\"\" data-gallery-theme=\"\" id=\"envira-gallery-137\" class=\"envira-gallery-public  envira-gallery-3-columns envira-clear enviratope envira-gallery-css-animations\" data-envira-columns=\"3\"><div id=\"envira-gallery-item-135\" class=\"envira-gallery-item enviratope-item envira-gallery-item-1 envira-lazy-load\" style=\"padding-left: 1px; padding-bottom: 1px; padding-right: 1px;\"  itemscope itemtype=\"https:\/\/schema.org\/ImageObject\"><div class=\"envira-gallery-item-inner\"><div class=\"envira-gallery-position-overlay  envira-gallery-top-left\"><\/div><div class=\"envira-gallery-position-overlay  envira-gallery-top-right\"><\/div><div class=\"envira-gallery-position-overlay  envira-gallery-bottom-left\"><\/div><div class=\"envira-gallery-position-overlay  envira-gallery-bottom-right\"><\/div><a href=\"https:\/\/pohlsee.ccmsell02.com\/wp-content\/uploads\/2022\/10\/franca-sport.jpeg\" class=\"envira-gallery-137 envira-gallery-link\" rel=\"enviragallery137\" title=\"franca-sport\" data-envira-caption=\"franca-sport\" data-envira-retina=\"\" data-thumbnail=\"\"  itemprop=\"contentUrl\"><div class=\"envira-lazy\" data-test-width=\"640\" data-test-height=\"480\" style=\"padding-bottom:75%;\"><img decoding=\"async\" id=\"envira-gallery-image-135\" class=\"envira-gallery-image envira-gallery-image-1\" data-envira-index=\"1\" src=\"https:\/\/pohlsee.ccmsell02.com\/wp-content\/uploads\/2022\/10\/franca-sport-640x480.jpeg\" data-envira-src=\"https:\/\/pohlsee.ccmsell02.com\/wp-content\/uploads\/2022\/10\/franca-sport-640x480.jpeg\" data-envira-gallery-id=\"137\" data-envira-item-id=\"135\" data-envira-caption=\"franca-sport\" alt=\"\" title=\"franca-sport\"  itemprop=\"thumbnailUrl\" data-envira-srcset=\"https:\/\/pohlsee.ccmsell02.com\/wp-content\/uploads\/2022\/10\/franca-sport-640x480.jpeg 400w,https:\/\/pohlsee.ccmsell02.com\/wp-content\/uploads\/2022\/10\/franca-sport-640x480.jpeg 2x\" srcset=\"data:image\/gif;base64,R0lGODlhAQABAIAAAP\/\/\/\/\/\/\/yH5BAEKAAEALAAAAAABAAEAAAICTAEAOw==\" \/><\/div><\/a><\/div><\/div><div id=\"envira-gallery-item-111\" class=\"envira-gallery-item enviratope-item envira-gallery-item-2 envira-lazy-load\" style=\"padding-left: 1px; padding-bottom: 1px; padding-right: 1px;\"  itemscope itemtype=\"https:\/\/schema.org\/ImageObject\"><div class=\"envira-gallery-item-inner\"><div class=\"envira-gallery-position-overlay  envira-gallery-top-left\"><\/div><div class=\"envira-gallery-position-overlay  envira-gallery-top-right\"><\/div><div class=\"envira-gallery-position-overlay  envira-gallery-bottom-left\"><\/div><div class=\"envira-gallery-position-overlay  envira-gallery-bottom-right\"><\/div><a href=\"https:\/\/pohlsee.ccmsell02.com\/wp-content\/uploads\/2022\/10\/franca-vom-pohlsee-standbild.jpeg\" class=\"envira-gallery-137 envira-gallery-link\" rel=\"enviragallery137\" title=\"franca-vom-pohlsee-standbild\" data-envira-caption=\"franca-vom-pohlsee-standbild\" data-envira-retina=\"\" data-thumbnail=\"\"  itemprop=\"contentUrl\"><div class=\"envira-lazy\" data-test-width=\"640\" data-test-height=\"480\" style=\"padding-bottom:75%;\"><img decoding=\"async\" id=\"envira-gallery-image-111\" class=\"envira-gallery-image envira-gallery-image-2\" data-envira-index=\"2\" src=\"https:\/\/pohlsee.ccmsell02.com\/wp-content\/uploads\/2022\/10\/franca-vom-pohlsee-standbild-640x480.jpeg\" data-envira-src=\"https:\/\/pohlsee.ccmsell02.com\/wp-content\/uploads\/2022\/10\/franca-vom-pohlsee-standbild-640x480.jpeg\" data-envira-gallery-id=\"137\" data-envira-item-id=\"111\" data-envira-caption=\"franca-vom-pohlsee-standbild\" alt=\"\" title=\"franca-vom-pohlsee-standbild\"  itemprop=\"thumbnailUrl\" data-envira-srcset=\"https:\/\/pohlsee.ccmsell02.com\/wp-content\/uploads\/2022\/10\/franca-vom-pohlsee-standbild-640x480.jpeg 400w,https:\/\/pohlsee.ccmsell02.com\/wp-content\/uploads\/2022\/10\/franca-vom-pohlsee-standbild-640x480.jpeg 2x\" srcset=\"data:image\/gif;base64,R0lGODlhAQABAIAAAP\/\/\/\/\/\/\/yH5BAEKAAEALAAAAAABAAEAAAICTAEAOw==\" \/><\/div><\/a><\/div><\/div><div id=\"envira-gallery-item-136\" class=\"envira-gallery-item enviratope-item envira-gallery-item-3 envira-lazy-load\" style=\"padding-left: 1px; padding-bottom: 1px; padding-right: 1px;\"  itemscope itemtype=\"https:\/\/schema.org\/ImageObject\"><div class=\"envira-gallery-item-inner\"><div class=\"envira-gallery-position-overlay  envira-gallery-top-left\"><\/div><div class=\"envira-gallery-position-overlay  envira-gallery-top-right\"><\/div><div class=\"envira-gallery-position-overlay  envira-gallery-bottom-left\"><\/div><div class=\"envira-gallery-position-overlay  envira-gallery-bottom-right\"><\/div><a href=\"https:\/\/pohlsee.ccmsell02.com\/wp-content\/uploads\/2022\/10\/franca-welpe-4te-woche.jpeg\" class=\"envira-gallery-137 envira-gallery-link\" rel=\"enviragallery137\" title=\"franca?-welpe-4te-woche\" data-envira-caption=\"franca?-welpe-4te-woche\" data-envira-retina=\"\" data-thumbnail=\"\"  itemprop=\"contentUrl\"><div class=\"envira-lazy\" data-test-width=\"640\" data-test-height=\"480\" style=\"padding-bottom:75%;\"><img decoding=\"async\" id=\"envira-gallery-image-136\" class=\"envira-gallery-image envira-gallery-image-3\" data-envira-index=\"3\" src=\"https:\/\/pohlsee.ccmsell02.com\/wp-content\/uploads\/2022\/10\/franca-welpe-4te-woche-640x480.jpeg\" data-envira-src=\"https:\/\/pohlsee.ccmsell02.com\/wp-content\/uploads\/2022\/10\/franca-welpe-4te-woche-640x480.jpeg\" data-envira-gallery-id=\"137\" data-envira-item-id=\"136\" data-envira-caption=\"franca?-welpe-4te-woche\" alt=\"\" title=\"franca?-welpe-4te-woche\"  itemprop=\"thumbnailUrl\" data-envira-srcset=\"https:\/\/pohlsee.ccmsell02.com\/wp-content\/uploads\/2022\/10\/franca-welpe-4te-woche-640x480.jpeg 400w,https:\/\/pohlsee.ccmsell02.com\/wp-content\/uploads\/2022\/10\/franca-welpe-4te-woche-640x480.jpeg 2x\" srcset=\"data:image\/gif;base64,R0lGODlhAQABAIAAAP\/\/\/\/\/\/\/yH5BAEKAAEALAAAAAABAAEAAAICTAEAOw==\" \/><\/div><\/a><\/div><\/div><\/div><\/div><noscript><img decoding=\"async\" src=\"https:\/\/pohlsee.ccmsell02.com\/wp-content\/uploads\/2022\/10\/franca-sport.jpeg\" alt=\"\" \/><img decoding=\"async\" src=\"https:\/\/pohlsee.ccmsell02.com\/wp-content\/uploads\/2022\/10\/franca-vom-pohlsee-standbild.jpeg\" alt=\"\" \/><img decoding=\"async\" src=\"https:\/\/pohlsee.ccmsell02.com\/wp-content\/uploads\/2022\/10\/franca-welpe-4te-woche.jpeg\" alt=\"\" \/><\/noscript><\/div>\n\n\n\n<h3 class=\"wp-block-heading\" style=\"margin-top:30px\">Francas Eltern:<\/h3>\n\n\n\n<div class=\"wp-block-columns alignwide is-layout-flex wp-container-core-columns-is-layout-28f84493 wp-block-columns-is-layout-flex\">\n<div class=\"wp-block-column is-layout-flow wp-block-column-is-layout-flow\">\n<figure class=\"wp-block-image size-full\"><img loading=\"lazy\" decoding=\"async\" width=\"620\" height=\"348\" src=\"https:\/\/pohlsee.ccmsell02.com\/wp-content\/uploads\/2022\/10\/chenna-rasen-edited-1.jpeg\" alt=\"\" class=\"wp-image-131\" srcset=\"https:\/\/pohlsee.ccmsell02.com\/wp-content\/uploads\/2022\/10\/chenna-rasen-edited-1.jpeg 620w, https:\/\/pohlsee.ccmsell02.com\/wp-content\/uploads\/2022\/10\/chenna-rasen-edited-1-300x168.jpeg 300w\" sizes=\"auto, (max-width: 620px) 100vw, 620px\" \/><\/figure>\n\n\n\n<h5 class=\"wp-block-heading\">Chenna vom Pohlsee<\/h5>\n\n\n\n<p><strong>Zuchtbuchnummer:<\/strong> VDH-HO 36478-13<br><strong>Sportpr\u00fcfungen:<\/strong> IGP3 , FH1<br>4. Platz IGP Deutsche Meisterschaft 2018<br><strong>Schaubewertung:<\/strong> sehr gut<\/p>\n<\/div>\n\n\n\n<div class=\"wp-block-column is-layout-flow wp-block-column-is-layout-flow\">\n<figure class=\"wp-block-image size-full\"><img loading=\"lazy\" decoding=\"async\" width=\"913\" height=\"513\" src=\"https:\/\/pohlsee.ccmsell02.com\/wp-content\/uploads\/2022\/10\/denzel-liegend-schnee-edited.jpeg\" alt=\"\" class=\"wp-image-132\" srcset=\"https:\/\/pohlsee.ccmsell02.com\/wp-content\/uploads\/2022\/10\/denzel-liegend-schnee-edited.jpeg 913w, https:\/\/pohlsee.ccmsell02.com\/wp-content\/uploads\/2022\/10\/denzel-liegend-schnee-edited-300x169.jpeg 300w, https:\/\/pohlsee.ccmsell02.com\/wp-content\/uploads\/2022\/10\/denzel-liegend-schnee-edited-768x432.jpeg 768w\" sizes=\"auto, (max-width: 913px) 100vw, 913px\" \/><\/figure>\n\n\n\n<h5 class=\"wp-block-heading\">Denzel Grofije Celjski<\/h5>\n\n\n\n<p><strong>Zuchbuchnummer:<\/strong> \u00d6HZB 2910<br><strong>Sportpr\u00fcfungen:<\/strong> IGP 3<br>3.Platz IGP Deutsche Meisterschaft 2019 , <br>2. Platz Obedience DM 2021 Klasse 2<br><strong>Schaubewertungen:<\/strong> V1&nbsp; <br>BOB&nbsp; \u00d6sterr. Champion&nbsp;<\/p>\n<\/div>\n<\/div>\n\n\n\n<p><\/p>\n","protected":false},"excerpt":{"rendered":"<p>Franca vom Pohlsee Zuchtbuchnummer: VDH-HO 39848-19 Franca ist unser dritter Traum-Hovawart! Als &#8222;Franca Frech&#8220; durfte sie vom F-Wurf bei uns bleiben. Aus dem kleinen Wirbelwind ist inzwischen eine aufmerksame Hovi-Dame geworden, die unseren Alltag mit ihrer fr\u00f6hlichen Art sehr bereichert und im Hundesport alle Erwartungen erf\u00fcllt. Sie hat alle Zuchtpr\u00fcfungen erfolgreich absolviert und kann nun [&hellip;]<\/p>\n","protected":false},"author":1,"featured_media":0,"parent":12,"menu_order":0,"comment_status":"closed","ping_status":"closed","template":"","meta":{"site-sidebar-layout":"default","site-content-layout":"","ast-site-content-layout":"default","site-content-style":"default","site-sidebar-style":"default","ast-global-header-display":"","ast-banner-title-visibility":"","ast-main-header-display":"","ast-hfb-above-header-display":"","ast-hfb-below-header-display":"","ast-hfb-mobile-header-display":"","site-post-title":"disabled","ast-breadcrumbs-content":"","ast-featured-img":"","footer-sml-layout":"","ast-disable-related-posts":"","theme-transparent-header-meta":"","adv-header-id-meta":"","stick-header-meta":"","header-above-stick-meta":"","header-main-stick-meta":"","header-below-stick-meta":"","astra-migrate-meta-layouts":"default","ast-page-background-enabled":"default","ast-page-background-meta":{"desktop":{"background-color":"var(--ast-global-color-4)","background-image":"","background-repeat":"repeat","background-position":"center center","background-size":"auto","background-attachment":"scroll","background-type":"","background-media":"","overlay-type":"","overlay-color":"","overlay-opacity":"","overlay-gradient":""},"tablet":{"background-color":"","background-image":"","background-repeat":"repeat","background-position":"center center","background-size":"auto","background-attachment":"scroll","background-type":"","background-media":"","overlay-type":"","overlay-color":"","overlay-opacity":"","overlay-gradient":""},"mobile":{"background-color":"","background-image":"","background-repeat":"repeat","background-position":"center center","background-size":"auto","background-attachment":"scroll","background-type":"","background-media":"","overlay-type":"","overlay-color":"","overlay-opacity":"","overlay-gradient":""}},"ast-content-background-meta":{"desktop":{"background-color":"var(--ast-global-color-5)","background-image":"","background-repeat":"repeat","background-position":"center center","background-size":"auto","background-attachment":"scroll","background-type":"","background-media":"","overlay-type":"","overlay-color":"","overlay-opacity":"","overlay-gradient":""},"tablet":{"background-color":"var(--ast-global-color-5)","background-image":"","background-repeat":"repeat","background-position":"center center","background-size":"auto","background-attachment":"scroll","background-type":"","background-media":"","overlay-type":"","overlay-color":"","overlay-opacity":"","overlay-gradient":""},"mobile":{"background-color":"var(--ast-global-color-5)","background-image":"","background-repeat":"repeat","background-position":"center center","background-size":"auto","background-attachment":"scroll","background-type":"","background-media":"","overlay-type":"","overlay-color":"","overlay-opacity":"","overlay-gradient":""}},"ngg_post_thumbnail":0,"footnotes":""},"class_list":["post-116","page","type-page","status-publish","hentry"],"_links":{"self":[{"href":"https:\/\/pohlsee.ccmsell02.com\/index.php\/wp-json\/wp\/v2\/pages\/116","targetHints":{"allow":["GET"]}}],"collection":[{"href":"https:\/\/pohlsee.ccmsell02.com\/index.php\/wp-json\/wp\/v2\/pages"}],"about":[{"href":"https:\/\/pohlsee.ccmsell02.com\/index.php\/wp-json\/wp\/v2\/types\/page"}],"author":[{"embeddable":true,"href":"https:\/\/pohlsee.ccmsell02.com\/index.php\/wp-json\/wp\/v2\/users\/1"}],"replies":[{"embeddable":true,"href":"https:\/\/pohlsee.ccmsell02.com\/index.php\/wp-json\/wp\/v2\/comments?post=116"}],"version-history":[{"count":6,"href":"https:\/\/pohlsee.ccmsell02.com\/index.php\/wp-json\/wp\/v2\/pages\/116\/revisions"}],"predecessor-version":[{"id":142,"href":"https:\/\/pohlsee.ccmsell02.com\/index.php\/wp-json\/wp\/v2\/pages\/116\/revisions\/142"}],"up":[{"embeddable":true,"href":"https:\/\/pohlsee.ccmsell02.com\/index.php\/wp-json\/wp\/v2\/pages\/12"}],"wp:attachment":[{"href":"https:\/\/pohlsee.ccmsell02.com\/index.php\/wp-json\/wp\/v2\/media?parent=116"}],"curies":[{"name":"wp","href":"https:\/\/api.w.org\/{rel}","templated":true}]}}